{"id":467,"date":"2021-08-06T14:06:47","date_gmt":"2021-08-06T14:06:47","guid":{"rendered":"https:\/\/prografica.com.ec\/?page_id=467"},"modified":"2021-08-12T21:13:47","modified_gmt":"2021-08-13T02:13:47","slug":"prografica-s-a","status":"publish","type":"page","link":"https:\/\/prografica.com.ec\/","title":{"rendered":"Prografica s.a."},"content":{"rendered":"\n<p style=\"font-size:24px\">Iniciamos nuestras actividades en Junio de 1987, con m\u00e1s de 32 a\u00f1os de distribuci\u00f3n de insumos, equipos y servicios a la Industria Gr\u00e1fica Ecuatoriana.<\/p>\n\n\n\n<p class=\"has-medium-font-size\"><\/p>\n\n\n\n<p>&nbsp;<\/p>\n\n\n\n<h1 class=\"has-text-align-center\"><strong>NUESTRAS REPRESENTACIONES<\/strong><\/h1>\n\n\n\n<figure class=\"wp-block-table aligncenter is-style-stripes\"><table class=\"has-fixed-layout\"><tbody><tr><td><img loading=\"lazy\" width=\"150\" height=\"24\" class=\"wp-image-560\" style=\"width: 150px;\" src=\"https:\/\/prografica.com.ec\/wp-content\/uploads\/2021\/08\/1600px-Fujifilm_logo_peq.png\" alt=\"\"><\/td><td><img loading=\"lazy\" width=\"150\" height=\"24\" class=\"wp-image-562\" style=\"width: 150px;\" src=\"https:\/\/prografica.com.ec\/wp-content\/uploads\/2021\/08\/GJ_color_peq.png\" alt=\"\"><\/td><td><img loading=\"lazy\" width=\"150\" height=\"21\" class=\"wp-image-567\" style=\"width: 150px;\" src=\"https:\/\/prografica.com.ec\/wp-content\/uploads\/2021\/08\/ultraflex-logo_peq.png\" alt=\"\"><\/td><td><img loading=\"lazy\" width=\"125\" height=\"67\" class=\"wp-image-564\" style=\"width: 125px;\" src=\"https:\/\/prografica.com.ec\/wp-content\/uploads\/2021\/08\/trelleborg-vector-logo_edited_peq.png\" alt=\"\"><\/td><td><img loading=\"lazy\" width=\"212\" height=\"136\" class=\"wp-image-569\" style=\"width: 150px;\" src=\"https:\/\/prografica.com.ec\/wp-content\/uploads\/2021\/08\/logo25402x_edited.png\" alt=\"\"><\/td><\/tr><\/tbody><\/table><\/figure>\n\n\n\n<p style=\"font-size:28px\"><\/p>\n\n\n\n<p style=\"font-size:28px\"><\/p>\n\n\n\n<h1 class=\"has-text-align-center\"><strong>NUESTROS PRODUCTOS<\/strong><\/h1>\n\n\n\n<div class=\"wp-block-media-text alignwide is-stacked-on-mobile\" style=\"grid-template-columns:29% auto\"><figure class=\"wp-block-media-text__media\"><img loading=\"lazy\" width=\"886\" height=\"886\" src=\"https:\/\/prografica.com.ec\/wp-content\/uploads\/2021\/08\/02CF8E00-10D0-4041-873B-BF6B92AD48E9_1_105_c.jpeg\" alt=\"\" class=\"wp-image-679 size-full\" srcset=\"https:\/\/prografica.com.ec\/wp-content\/uploads\/2021\/08\/02CF8E00-10D0-4041-873B-BF6B92AD48E9_1_105_c.jpeg 886w, https:\/\/prografica.com.ec\/wp-content\/uploads\/2021\/08\/02CF8E00-10D0-4041-873B-BF6B92AD48E9_1_105_c-300x300.jpeg 300w, https:\/\/prografica.com.ec\/wp-content\/uploads\/2021\/08\/02CF8E00-10D0-4041-873B-BF6B92AD48E9_1_105_c-150x150.jpeg 150w, https:\/\/prografica.com.ec\/wp-content\/uploads\/2021\/08\/02CF8E00-10D0-4041-873B-BF6B92AD48E9_1_105_c-768x768.jpeg 768w, https:\/\/prografica.com.ec\/wp-content\/uploads\/2021\/08\/02CF8E00-10D0-4041-873B-BF6B92AD48E9_1_105_c-465x465.jpeg 465w, https:\/\/prografica.com.ec\/wp-content\/uploads\/2021\/08\/02CF8E00-10D0-4041-873B-BF6B92AD48E9_1_105_c-500x500.jpeg 500w\" sizes=\"(max-width: 886px) 100vw, 886px\" \/><\/figure><div class=\"wp-block-media-text__content\">\n<p class=\"has-text-align-left\" style=\"font-size:26px\">Disponemos de una amplia variedad de insumos para la industria gr\u00e1fica, junto a los mejores precios del mercado. <\/p>\n\n\n\n<hr class=\"wp-block-separator has-text-color has-background has-accent-font-background-color has-accent-font-color is-style-wide\"\/>\n\n\n\n<hr class=\"wp-block-separator has-text-color has-background has-accent-font-background-color has-accent-font-color is-style-wide\"\/>\n\n\n\n<p class=\"has-text-align-left\" style=\"font-size:26px\">Ofrecemos Placas, mantillas, qu\u00edmicos , equipos CTP, procesadoras, lonas, vinilos, papel textil entre otros productos.<\/p>\n<\/div><\/div>\n\n\n\n<p><\/p>\n\n\n\n<p><\/p>\n\n\n\n<p><\/p>\n\n\n\n<p><\/p>\n\n\n\n<h1 class=\"has-text-align-center\">&nbsp;<a href=\"https:\/\/prografica.com.ec\/index.php\/contactos\/\" data-type=\"page\" data-id=\"26\">CONT\u00c1CTENOS<\/a><\/h1>\n\n\n\n<p>&nbsp;<\/p>\n","protected":false},"excerpt":{"rendered":"<p>Iniciamos nuestras actividades en Junio de 1987, con m\u00e1s de 32 a\u00f1os de distribuci\u00f3n de insumos, equipos y servicios a la Industria Gr\u00e1fica Ecuatoriana. &nbsp; NUESTRAS REPRESENTACIONES NUESTROS PRODUCTOS &nbsp;CONT\u00c1CTENOS &nbsp;<span class=\"more-link\"><a href=\"https:\/\/prografica.com.ec\/\">Read More &rarr;<\/a><\/span><\/p>\n","protected":false},"author":1,"featured_media":0,"parent":0,"menu_order":0,"comment_status":"closed","ping_status":"closed","template":"","meta":[],"_links":{"self":[{"href":"https:\/\/prografica.com.ec\/index.php\/wp-json\/wp\/v2\/pages\/467"}],"collection":[{"href":"https:\/\/prografica.com.ec\/index.php\/wp-json\/wp\/v2\/pages"}],"about":[{"href":"https:\/\/prografica.com.ec\/index.php\/wp-json\/wp\/v2\/types\/page"}],"author":[{"embeddable":true,"href":"https:\/\/prografica.com.ec\/index.php\/wp-json\/wp\/v2\/users\/1"}],"replies":[{"embeddable":true,"href":"https:\/\/prografica.com.ec\/index.php\/wp-json\/wp\/v2\/comments?post=467"}],"version-history":[{"count":58,"href":"https:\/\/prografica.com.ec\/index.php\/wp-json\/wp\/v2\/pages\/467\/revisions"}],"predecessor-version":[{"id":772,"href":"https:\/\/prografica.com.ec\/index.php\/wp-json\/wp\/v2\/pages\/467\/revisions\/772"}],"wp:attachment":[{"href":"https:\/\/prografica.com.ec\/index.php\/wp-json\/wp\/v2\/media?parent=467"}],"curies":[{"name":"wp","href":"https:\/\/api.w.org\/{rel}","templated":true}]}}